{"id":21986,"date":"2018-05-31T00:36:59","date_gmt":"2018-05-30T22:36:59","guid":{"rendered":"http:\/\/maxchipgroup.com\/?page_id=21986"},"modified":"2019-10-10T14:57:12","modified_gmt":"2019-10-10T12:57:12","slug":"a-propos-de-maxchip","status":"publish","type":"page","link":"https:\/\/maxchipgroup.com\/fr\/a-propos-de-maxchip\/","title":{"rendered":"\u00c0 propos de Maxchip"},"content":{"rendered":"<h1>\u00c0 propos de nous<\/h1>\n<p>Maxchip est une entreprise qui puise ses origines \u00e0 la fois en Allemagne et en Su\u00e8de. Avec plus de 25 ann\u00e9es d\u2019exp\u00e9rience en chip-tuning et notre propre service de recherche et de d\u00e9veloppement, nous nous assurons de toujours vous faire b\u00e9n\u00e9ficier de la toute derni\u00e8re technologie. Nous avons donc investi d\u2019importantes ressources dans le d\u00e9veloppement de produits qui peuvent \u00eatre install\u00e9s rapidement et facilement, sans besoin de connaissances pr\u00e9alables ou d\u2019outils sp\u00e9cifiques.<\/p>\n<p>Nous consid\u00e9rons que notre travail commence d\u00e8s le moment o\u00f9 vous achetez notre produit. Avec une assistance technique compl\u00e8te en ligne pour les installations, par exemple, nous nous assurons que nos produits sont \u00e0 la hauteur de leur r\u00e9putation. Nous nous effor\u00e7ons de proposer les meilleurs produits possible au meilleur prix possible. Le fait d\u2019\u00eatre une entreprise qui fonctionne enti\u00e8rement en ligne est une condition indispensable \u00e0 notre succ\u00e8s. Pour que tous nos clients aient le sentiment d\u2019\u00eatre entre de bonnes mains, malgr\u00e9 l\u2019absence de boutiques physiques et l\u2019impossibilit\u00e9 d\u2019un contact direct, nous investissons beaucoup dans notre service client en ligne et nous attachons une grande importance \u00e0 r\u00e9pondre \u00e0 chaque client de la meilleure fa\u00e7on possible.<\/p>\n<p>Nous recherchons toujours des produits qui sont faciles \u00e0 monter et \u00e0 g\u00e9rer, nous envoyons des manuels complets avec chaque produit et nous essayons de fournir le plus d\u2019informations possible pour assister nos clients. S\u2019il vous arrivait malgr\u00e9 tout de rencontrer un probl\u00e8me et d\u2019avoir besoin de notre aide, n\u2019h\u00e9sitez pas \u00e0 nous contacter en utilisant le formulaire de contact disponible sur ce site internet.<\/p>\n","protected":false},"excerpt":{"rendered":"<p>\u00c0 propos de nous Maxchip est une entreprise qui puise ses origines \u00e0 la fois en Allemagne et en Su\u00e8de. Avec plus de 25 ann\u00e9es d\u2019exp\u00e9rience en chip-tuning et notre propre service de recherche et de d\u00e9veloppement, nous nous assurons de toujours vous faire b\u00e9n\u00e9ficier de la toute derni\u00e8re technologie. Nous avons donc investi d\u2019importantes &hellip; <a href=\"https:\/\/maxchipgroup.com\/fr\/a-propos-de-maxchip\/\">Continued<\/a><\/p>\n","protected":false},"author":1,"featured_media":0,"parent":0,"menu_order":0,"comment_status":"closed","ping_status":"closed","template":"","meta":{"footnotes":""},"class_list":["post-21986","page","type-page","status-publish","hentry"],"yoast_head":"<!-- This site is optimized with the Yoast SEO plugin v26.0 - https:\/\/yoast.com\/wordpress\/plugins\/seo\/ -->\n<title>\u00c0 propos de Maxchip - Maxchip France<\/title>\n<meta name=\"robots\" content=\"index, follow, max-snippet:-1, max-image-preview:large, max-video-preview:-1\" \/>\n<link rel=\"canonical\" href=\"https:\/\/maxchipgroup.com\/fr\/a-propos-de-maxchip\/\" \/>\n<meta property=\"og:locale\" content=\"fr_FR\" \/>\n<meta property=\"og:type\" content=\"article\" \/>\n<meta property=\"og:title\" content=\"\u00c0 propos de Maxchip - Maxchip France\" \/>\n<meta property=\"og:description\" content=\"\u00c0 propos de nous Maxchip est une entreprise qui puise ses origines \u00e0 la fois en Allemagne et en Su\u00e8de. Avec plus de 25 ann\u00e9es d\u2019exp\u00e9rience en chip-tuning et notre propre service de recherche et de d\u00e9veloppement, nous nous assurons de toujours vous faire b\u00e9n\u00e9ficier de la toute derni\u00e8re technologie. Nous avons donc investi d\u2019importantes &hellip; Continued\" \/>\n<meta property=\"og:url\" content=\"https:\/\/maxchipgroup.com\/fr\/a-propos-de-maxchip\/\" \/>\n<meta property=\"og:site_name\" content=\"Maxchip France\" \/>\n<meta property=\"article:modified_time\" content=\"2019-10-10T12:57:12+00:00\" \/>\n<meta name=\"twitter:card\" content=\"summary_large_image\" \/>\n<meta name=\"twitter:label1\" content=\"Dur\u00e9e de lecture estim\u00e9e\" \/>\n\t<meta name=\"twitter:data1\" content=\"1 minute\" \/>\n<script type=\"application\/ld+json\" class=\"yoast-schema-graph\">{\"@context\":\"https:\/\/schema.org\",\"@graph\":[{\"@type\":\"WebPage\",\"@id\":\"https:\/\/maxchipgroup.com\/fr\/a-propos-de-maxchip\/\",\"url\":\"https:\/\/maxchipgroup.com\/fr\/a-propos-de-maxchip\/\",\"name\":\"\u00c0 propos de Maxchip - Maxchip France\",\"isPartOf\":{\"@id\":\"https:\/\/maxchipgroup.com\/fr\/#website\"},\"datePublished\":\"2018-05-30T22:36:59+00:00\",\"dateModified\":\"2019-10-10T12:57:12+00:00\",\"breadcrumb\":{\"@id\":\"https:\/\/maxchipgroup.com\/fr\/a-propos-de-maxchip\/#breadcrumb\"},\"inLanguage\":\"fr-FR\",\"potentialAction\":[{\"@type\":\"ReadAction\",\"target\":[\"https:\/\/maxchipgroup.com\/fr\/a-propos-de-maxchip\/\"]}]},{\"@type\":\"BreadcrumbList\",\"@id\":\"https:\/\/maxchipgroup.com\/fr\/a-propos-de-maxchip\/#breadcrumb\",\"itemListElement\":[{\"@type\":\"ListItem\",\"position\":1,\"name\":\"Home\",\"item\":\"https:\/\/maxchipgroup.com\/fr\/\"},{\"@type\":\"ListItem\",\"position\":2,\"name\":\"\u00c0 propos de Maxchip\"}]},{\"@type\":\"WebSite\",\"@id\":\"https:\/\/maxchipgroup.com\/fr\/#website\",\"url\":\"https:\/\/maxchipgroup.com\/fr\/\",\"name\":\"Maxchip France\",\"description\":\"\",\"potentialAction\":[{\"@type\":\"SearchAction\",\"target\":{\"@type\":\"EntryPoint\",\"urlTemplate\":\"https:\/\/maxchipgroup.com\/fr\/?s={search_term_string}\"},\"query-input\":{\"@type\":\"PropertyValueSpecification\",\"valueRequired\":true,\"valueName\":\"search_term_string\"}}],\"inLanguage\":\"fr-FR\"}]}<\/script>\n<!-- \/ Yoast SEO plugin. -->","yoast_head_json":{"title":"\u00c0 propos de Maxchip - Maxchip France","robots":{"index":"index","follow":"follow","max-snippet":"max-snippet:-1","max-image-preview":"max-image-preview:large","max-video-preview":"max-video-preview:-1"},"canonical":"https:\/\/maxchipgroup.com\/fr\/a-propos-de-maxchip\/","og_locale":"fr_FR","og_type":"article","og_title":"\u00c0 propos de Maxchip - Maxchip France","og_description":"\u00c0 propos de nous Maxchip est une entreprise qui puise ses origines \u00e0 la fois en Allemagne et en Su\u00e8de. Avec plus de 25 ann\u00e9es d\u2019exp\u00e9rience en chip-tuning et notre propre service de recherche et de d\u00e9veloppement, nous nous assurons de toujours vous faire b\u00e9n\u00e9ficier de la toute derni\u00e8re technologie. Nous avons donc investi d\u2019importantes &hellip; Continued","og_url":"https:\/\/maxchipgroup.com\/fr\/a-propos-de-maxchip\/","og_site_name":"Maxchip France","article_modified_time":"2019-10-10T12:57:12+00:00","twitter_card":"summary_large_image","twitter_misc":{"Dur\u00e9e de lecture estim\u00e9e":"1 minute"},"schema":{"@context":"https:\/\/schema.org","@graph":[{"@type":"WebPage","@id":"https:\/\/maxchipgroup.com\/fr\/a-propos-de-maxchip\/","url":"https:\/\/maxchipgroup.com\/fr\/a-propos-de-maxchip\/","name":"\u00c0 propos de Maxchip - Maxchip France","isPartOf":{"@id":"https:\/\/maxchipgroup.com\/fr\/#website"},"datePublished":"2018-05-30T22:36:59+00:00","dateModified":"2019-10-10T12:57:12+00:00","breadcrumb":{"@id":"https:\/\/maxchipgroup.com\/fr\/a-propos-de-maxchip\/#breadcrumb"},"inLanguage":"fr-FR","potentialAction":[{"@type":"ReadAction","target":["https:\/\/maxchipgroup.com\/fr\/a-propos-de-maxchip\/"]}]},{"@type":"BreadcrumbList","@id":"https:\/\/maxchipgroup.com\/fr\/a-propos-de-maxchip\/#breadcrumb","itemListElement":[{"@type":"ListItem","position":1,"name":"Home","item":"https:\/\/maxchipgroup.com\/fr\/"},{"@type":"ListItem","position":2,"name":"\u00c0 propos de Maxchip"}]},{"@type":"WebSite","@id":"https:\/\/maxchipgroup.com\/fr\/#website","url":"https:\/\/maxchipgroup.com\/fr\/","name":"Maxchip France","description":"","potentialAction":[{"@type":"SearchAction","target":{"@type":"EntryPoint","urlTemplate":"https:\/\/maxchipgroup.com\/fr\/?s={search_term_string}"},"query-input":{"@type":"PropertyValueSpecification","valueRequired":true,"valueName":"search_term_string"}}],"inLanguage":"fr-FR"}]}},"_links":{"self":[{"href":"https:\/\/maxchipgroup.com\/fr\/wp-json\/wp\/v2\/pages\/21986","targetHints":{"allow":["GET"]}}],"collection":[{"href":"https:\/\/maxchipgroup.com\/fr\/wp-json\/wp\/v2\/pages"}],"about":[{"href":"https:\/\/maxchipgroup.com\/fr\/wp-json\/wp\/v2\/types\/page"}],"author":[{"embeddable":true,"href":"https:\/\/maxchipgroup.com\/fr\/wp-json\/wp\/v2\/users\/1"}],"replies":[{"embeddable":true,"href":"https:\/\/maxchipgroup.com\/fr\/wp-json\/wp\/v2\/comments?post=21986"}],"version-history":[{"count":0,"href":"https:\/\/maxchipgroup.com\/fr\/wp-json\/wp\/v2\/pages\/21986\/revisions"}],"wp:attachment":[{"href":"https:\/\/maxchipgroup.com\/fr\/wp-json\/wp\/v2\/media?parent=21986"}],"curies":[{"name":"wp","href":"https:\/\/api.w.org\/{rel}","templated":true}]}}