{"id":22043,"date":"2018-06-04T13:34:36","date_gmt":"2018-06-04T11:34:36","guid":{"rendered":"http:\/\/maxchipgroup.com\/se\/?page_id=22043"},"modified":"2018-06-12T10:03:43","modified_gmt":"2018-06-12T08:03:43","slug":"installationspartners","status":"publish","type":"page","link":"https:\/\/maxchipgroup.com\/se\/installationspartners\/","title":{"rendered":"Installationspartners"},"content":{"rendered":"<p>Beh\u00f6ver du hj\u00e4lp med att installera din effektbox kan du kontakta n\u00e5gon av v\u00e5ra beh\u00f6riga installat\u00f6rpartners. Du hittar alla kontaktuppgifter p\u00e5 denna sida. Best\u00e4ll sedan leverans hem till d\u00f6rren eller direkt till verkstaden. T\u00e4nk p\u00e5 att priserna f\u00f6r installation kan skilja sig n\u00e5got mellan verkst\u00e4der, kontakta d\u00e4rf\u00f6r verkstaden f\u00f6r en prisuppskattning.<\/p>\n","protected":false},"excerpt":{"rendered":"<p>Beh\u00f6ver du hj\u00e4lp med att installera din effektbox kan du kontakta n\u00e5gon av v\u00e5ra beh\u00f6riga installat\u00f6rpartners. Du hittar alla kontaktuppgifter p\u00e5 denna sida. Best\u00e4ll sedan leverans hem till d\u00f6rren eller direkt till verkstaden. T\u00e4nk p\u00e5 att priserna f\u00f6r installation kan skilja sig n\u00e5got mellan verkst\u00e4der, kontakta d\u00e4rf\u00f6r verkstaden f\u00f6r en prisuppskattning.<\/p>\n","protected":false},"author":1,"featured_media":0,"parent":0,"menu_order":0,"comment_status":"closed","ping_status":"closed","template":"template-installation-partner.php","meta":{"footnotes":""},"class_list":["post-22043","page","type-page","status-publish","hentry"],"yoast_head":"<!-- This site is optimized with the Yoast SEO plugin v26.0 - https:\/\/yoast.com\/wordpress\/plugins\/seo\/ -->\n<title>Installationspartners - Maxchip<\/title>\n<meta name=\"robots\" content=\"index, follow, max-snippet:-1, max-image-preview:large, max-video-preview:-1\" \/>\n<link rel=\"canonical\" href=\"https:\/\/maxchipgroup.com\/se\/installationspartners\/\" \/>\n<meta property=\"og:locale\" content=\"en_US\" \/>\n<meta property=\"og:type\" content=\"article\" \/>\n<meta property=\"og:title\" content=\"Installationspartners - Maxchip\" \/>\n<meta property=\"og:description\" content=\"Beh\u00f6ver du hj\u00e4lp med att installera din effektbox kan du kontakta n\u00e5gon av v\u00e5ra beh\u00f6riga installat\u00f6rpartners. Du hittar alla kontaktuppgifter p\u00e5 denna sida. Best\u00e4ll sedan leverans hem till d\u00f6rren eller direkt till verkstaden. T\u00e4nk p\u00e5 att priserna f\u00f6r installation kan skilja sig n\u00e5got mellan verkst\u00e4der, kontakta d\u00e4rf\u00f6r verkstaden f\u00f6r en prisuppskattning.\" \/>\n<meta property=\"og:url\" content=\"https:\/\/maxchipgroup.com\/se\/installationspartners\/\" \/>\n<meta property=\"og:site_name\" content=\"Maxchip Sverige\" \/>\n<meta property=\"article:modified_time\" content=\"2018-06-12T08:03:43+00:00\" \/>\n<meta name=\"twitter:card\" content=\"summary_large_image\" \/>\n<script type=\"application\/ld+json\" class=\"yoast-schema-graph\">{\"@context\":\"https:\/\/schema.org\",\"@graph\":[{\"@type\":\"WebPage\",\"@id\":\"https:\/\/maxchipgroup.com\/se\/installationspartners\/\",\"url\":\"https:\/\/maxchipgroup.com\/se\/installationspartners\/\",\"name\":\"Installationspartners - Maxchip\",\"isPartOf\":{\"@id\":\"https:\/\/maxchipgroup.com\/se\/#website\"},\"datePublished\":\"2018-06-04T11:34:36+00:00\",\"dateModified\":\"2018-06-12T08:03:43+00:00\",\"breadcrumb\":{\"@id\":\"https:\/\/maxchipgroup.com\/se\/installationspartners\/#breadcrumb\"},\"inLanguage\":\"en-US\",\"potentialAction\":[{\"@type\":\"ReadAction\",\"target\":[\"https:\/\/maxchipgroup.com\/se\/installationspartners\/\"]}]},{\"@type\":\"BreadcrumbList\",\"@id\":\"https:\/\/maxchipgroup.com\/se\/installationspartners\/#breadcrumb\",\"itemListElement\":[{\"@type\":\"ListItem\",\"position\":1,\"name\":\"Home\",\"item\":\"https:\/\/maxchipgroup.com\/se\/\"},{\"@type\":\"ListItem\",\"position\":2,\"name\":\"Installationspartners\"}]},{\"@type\":\"WebSite\",\"@id\":\"https:\/\/maxchipgroup.com\/se\/#website\",\"url\":\"https:\/\/maxchipgroup.com\/se\/\",\"name\":\"Maxchip Sverige\",\"description\":\"\",\"potentialAction\":[{\"@type\":\"SearchAction\",\"target\":{\"@type\":\"EntryPoint\",\"urlTemplate\":\"https:\/\/maxchipgroup.com\/se\/?s={search_term_string}\"},\"query-input\":{\"@type\":\"PropertyValueSpecification\",\"valueRequired\":true,\"valueName\":\"search_term_string\"}}],\"inLanguage\":\"en-US\"}]}<\/script>\n<!-- \/ Yoast SEO plugin. -->","yoast_head_json":{"title":"Installationspartners - Maxchip","robots":{"index":"index","follow":"follow","max-snippet":"max-snippet:-1","max-image-preview":"max-image-preview:large","max-video-preview":"max-video-preview:-1"},"canonical":"https:\/\/maxchipgroup.com\/se\/installationspartners\/","og_locale":"en_US","og_type":"article","og_title":"Installationspartners - Maxchip","og_description":"Beh\u00f6ver du hj\u00e4lp med att installera din effektbox kan du kontakta n\u00e5gon av v\u00e5ra beh\u00f6riga installat\u00f6rpartners. Du hittar alla kontaktuppgifter p\u00e5 denna sida. Best\u00e4ll sedan leverans hem till d\u00f6rren eller direkt till verkstaden. T\u00e4nk p\u00e5 att priserna f\u00f6r installation kan skilja sig n\u00e5got mellan verkst\u00e4der, kontakta d\u00e4rf\u00f6r verkstaden f\u00f6r en prisuppskattning.","og_url":"https:\/\/maxchipgroup.com\/se\/installationspartners\/","og_site_name":"Maxchip Sverige","article_modified_time":"2018-06-12T08:03:43+00:00","twitter_card":"summary_large_image","schema":{"@context":"https:\/\/schema.org","@graph":[{"@type":"WebPage","@id":"https:\/\/maxchipgroup.com\/se\/installationspartners\/","url":"https:\/\/maxchipgroup.com\/se\/installationspartners\/","name":"Installationspartners - Maxchip","isPartOf":{"@id":"https:\/\/maxchipgroup.com\/se\/#website"},"datePublished":"2018-06-04T11:34:36+00:00","dateModified":"2018-06-12T08:03:43+00:00","breadcrumb":{"@id":"https:\/\/maxchipgroup.com\/se\/installationspartners\/#breadcrumb"},"inLanguage":"en-US","potentialAction":[{"@type":"ReadAction","target":["https:\/\/maxchipgroup.com\/se\/installationspartners\/"]}]},{"@type":"BreadcrumbList","@id":"https:\/\/maxchipgroup.com\/se\/installationspartners\/#breadcrumb","itemListElement":[{"@type":"ListItem","position":1,"name":"Home","item":"https:\/\/maxchipgroup.com\/se\/"},{"@type":"ListItem","position":2,"name":"Installationspartners"}]},{"@type":"WebSite","@id":"https:\/\/maxchipgroup.com\/se\/#website","url":"https:\/\/maxchipgroup.com\/se\/","name":"Maxchip Sverige","description":"","potentialAction":[{"@type":"SearchAction","target":{"@type":"EntryPoint","urlTemplate":"https:\/\/maxchipgroup.com\/se\/?s={search_term_string}"},"query-input":{"@type":"PropertyValueSpecification","valueRequired":true,"valueName":"search_term_string"}}],"inLanguage":"en-US"}]}},"_links":{"self":[{"href":"https:\/\/maxchipgroup.com\/se\/wp-json\/wp\/v2\/pages\/22043","targetHints":{"allow":["GET"]}}],"collection":[{"href":"https:\/\/maxchipgroup.com\/se\/wp-json\/wp\/v2\/pages"}],"about":[{"href":"https:\/\/maxchipgroup.com\/se\/wp-json\/wp\/v2\/types\/page"}],"author":[{"embeddable":true,"href":"https:\/\/maxchipgroup.com\/se\/wp-json\/wp\/v2\/users\/1"}],"replies":[{"embeddable":true,"href":"https:\/\/maxchipgroup.com\/se\/wp-json\/wp\/v2\/comments?post=22043"}],"version-history":[{"count":0,"href":"https:\/\/maxchipgroup.com\/se\/wp-json\/wp\/v2\/pages\/22043\/revisions"}],"wp:attachment":[{"href":"https:\/\/maxchipgroup.com\/se\/wp-json\/wp\/v2\/media?parent=22043"}],"curies":[{"name":"wp","href":"https:\/\/api.w.org\/{rel}","templated":true}]}}